{"id":2,"date":"2018-10-26T08:16:15","date_gmt":"2018-10-26T08:16:15","guid":{"rendered":"http:\/\/pepcc.inesctec.pt\/?page_id=2"},"modified":"2020-09-01T13:01:45","modified_gmt":"2020-09-01T13:01:45","slug":"sample-page","status":"publish","type":"page","link":"https:\/\/pepcc.inesctec.pt\/","title":{"rendered":"Homepage"},"content":{"rendered":"\t\t<div data-elementor-type=\"wp-post\" data-elementor-id=\"2\" class=\"elementor elementor-2 elementor-bc-flex-widget\">\n\t\t\t\t\t\t<section class=\"elementor-section elementor-top-section elementor-element elementor-element-d333a6b elementor-section-boxed elementor-section-height-default elementor-section-height-default\" data-id=\"d333a6b\" data-element_type=\"section\" data-e-type=\"section\">\n\t\t\t\t\t\t<div class=\"elementor-container elementor-column-gap-default\">\n\t\t\t\t\t<div class=\"elementor-column elementor-col-100 elementor-top-column elementor-element elementor-element-3fb14e4\" data-id=\"3fb14e4\" data-element_type=\"column\" data-e-type=\"column\">\n\t\t\t<div class=\"elementor-widget-wrap elementor-element-populated\">\n\t\t\t\t\t\t<div class=\"elementor-element elementor-element-c4331bd elementor-widget elementor-widget-image\" data-id=\"c4331bd\" data-element_type=\"widget\" data-e-type=\"widget\" data-widget_type=\"image.default\">\n\t\t\t\t<div class=\"elementor-widget-container\">\n\t\t\t\t\t\t\t\t\t\t\t\t\t\t\t<img fetchpriority=\"high\" decoding=\"async\" width=\"2500\" height=\"248\" src=\"https:\/\/pepcc.inesctec.pt\/wp-content\/uploads\/2019\/01\/pepcclogo3.png\" class=\"attachment-full size-full wp-image-295\" alt=\"\" srcset=\"https:\/\/pepcc.inesctec.pt\/wp-content\/uploads\/2019\/01\/pepcclogo3.png 2500w, https:\/\/pepcc.inesctec.pt\/wp-content\/uploads\/2019\/01\/pepcclogo3-300x30.png 300w, https:\/\/pepcc.inesctec.pt\/wp-content\/uploads\/2019\/01\/pepcclogo3-768x76.png 768w, https:\/\/pepcc.inesctec.pt\/wp-content\/uploads\/2019\/01\/pepcclogo3-1024x102.png 1024w\" sizes=\"(max-width: 2500px) 100vw, 2500px\" \/>\t\t\t\t\t\t\t\t\t\t\t\t\t\t\t<\/div>\n\t\t\t\t<\/div>\n\t\t\t\t<div class=\"elementor-element elementor-element-96d6ed7 elementor-widget-divider--view-line elementor-widget elementor-widget-divider\" data-id=\"96d6ed7\" data-element_type=\"widget\" data-e-type=\"widget\" data-widget_type=\"divider.default\">\n\t\t\t\t<div class=\"elementor-widget-container\">\n\t\t\t\t\t\t\t<div class=\"elementor-divider\">\n\t\t\t<span class=\"elementor-divider-separator\">\n\t\t\t\t\t\t<\/span>\n\t\t<\/div>\n\t\t\t\t\t\t<\/div>\n\t\t\t\t<\/div>\n\t\t\t\t\t<\/div>\n\t\t<\/div>\n\t\t\t\t\t<\/div>\n\t\t<\/section>\n\t\t\t\t<section class=\"elementor-section elementor-top-section elementor-element elementor-element-5e1c6e56 elementor-section-boxed elementor-section-height-default elementor-section-height-default\" data-id=\"5e1c6e56\" data-element_type=\"section\" data-e-type=\"section\">\n\t\t\t\t\t\t<div class=\"elementor-container elementor-column-gap-default\">\n\t\t\t\t\t<div class=\"elementor-column elementor-col-100 elementor-top-column elementor-element elementor-element-3c4362ab\" data-id=\"3c4362ab\" data-element_type=\"column\" data-e-type=\"column\">\n\t\t\t<div class=\"elementor-widget-wrap elementor-element-populated\">\n\t\t\t\t\t\t<div class=\"elementor-element elementor-element-4a0e1a7 elementor-widget elementor-widget-heading\" data-id=\"4a0e1a7\" data-element_type=\"widget\" data-e-type=\"widget\" data-widget_type=\"heading.default\">\n\t\t\t\t<div class=\"elementor-widget-container\">\n\t\t\t\t\t<h2 class=\"elementor-heading-title elementor-size-default\">What is PEPCC?<\/h2>\t\t\t\t<\/div>\n\t\t\t\t<\/div>\n\t\t\t\t<div class=\"elementor-element elementor-element-088b913 elementor-widget elementor-widget-wp-widget-text\" data-id=\"088b913\" data-element_type=\"widget\" data-e-type=\"widget\" data-widget_type=\"wp-widget-text.default\">\n\t\t\t\t<div class=\"elementor-widget-container\">\n\t\t\t\t\t\t\t\t<div class=\"textwidget\"><p><\/p>\n<p class=\"has-drop-cap\"><span class=\"text-with-line-breaks\"><span class=\"Linkify\">The domains of embedded systems and high-performance computing (HPC) are usually seen as distant, but some of their requirements are converging: a modern ES runs complex algorithms with high computational power; the power consumption of ever larger HPC systems requires new levels of power efficiency.<\/span><\/span><\/p>\n<p>Embedded systems<span class=\"text-with-line-breaks\"><span class=\"Linkify\"> have adopted heterogeneous architectures, often based on reconfigurable accelerators like FPGAs or Coarse-Grained Reconfigurable Arrays (CGRAs), because they combine hardware specialization (improving performance and power efficiency) with adaptability at run-time. A similar trend towards heterogeneity is observed in HPC systems with GPUs as accelerators: HPC stakeholders have identified several challenges related to auto-tuning and self adapting systems, and power-aware resource management, matching the trends identified by ES stakeholders on the relevance of heterogeneous accelerators.<\/span><\/span><\/p>\n<p>The goal of this project is to devise efficient techniques for dynamically mapping computations extracted from execution behavior to the resources of specialized reconfigurable accelerators. The techniques will identify at runtime the hotspots of program execution. They are then optimized and mapped to CGRAs tailored to the actual set of executing kernels. Whenever one hotspot needs to be executed, the accelerator is transparently invoked. The use of specialized CGRAs reduces resource usage and improves performance. The project will apply these concepts in the ES and HPC domains.<\/p>\n<p><\/p>\n<\/div>\n\t\t\t\t\t\t<\/div>\n\t\t\t\t<\/div>\n\t\t\t\t\t<\/div>\n\t\t<\/div>\n\t\t\t\t\t<\/div>\n\t\t<\/section>\n\t\t\t\t<section class=\"elementor-section elementor-top-section elementor-element elementor-element-3426f82 elementor-section-boxed elementor-section-height-default elementor-section-height-default\" data-id=\"3426f82\" data-element_type=\"section\" data-e-type=\"section\">\n\t\t\t\t\t\t<div class=\"elementor-container elementor-column-gap-default\">\n\t\t\t\t\t<div class=\"elementor-column elementor-col-100 elementor-top-column elementor-element elementor-element-083c64f\" data-id=\"083c64f\" data-element_type=\"column\" data-e-type=\"column\">\n\t\t\t<div class=\"elementor-widget-wrap elementor-element-populated\">\n\t\t\t\t\t\t<div class=\"elementor-element elementor-element-c4b5b90 elementor-widget elementor-widget-heading\" data-id=\"c4b5b90\" data-element_type=\"widget\" data-e-type=\"widget\" data-widget_type=\"heading.default\">\n\t\t\t\t<div class=\"elementor-widget-container\">\n\t\t\t\t\t<h2 class=\"elementor-heading-title elementor-size-default\">Project Information<\/h2>\t\t\t\t<\/div>\n\t\t\t\t<\/div>\n\t\t\t\t<div class=\"elementor-element elementor-element-55918f0 elementor-widget elementor-widget-wp-widget-text\" data-id=\"55918f0\" data-element_type=\"widget\" data-e-type=\"widget\" data-widget_type=\"wp-widget-text.default\">\n\t\t\t\t<div class=\"elementor-widget-container\">\n\t\t\t\t\t\t\t\t<div class=\"textwidget\"><ul>\n<li><strong>Start Date:<\/strong> 1st of October, 2018<\/li>\n<li><strong>Duration:<\/strong> 2.5 years<\/li>\n<li><strong>Project Reference:<\/strong> PTDC\/EEI-HAC\/30848\/2017<\/li>\n<li><strong>Call:<\/strong> 02\/SAICT\/2017<\/li>\n<li><strong>Funded Under:<\/strong> FCT (Funda\u00e7\u00e3o para a Ci\u00eancia e a Tecnologia)<\/li>\n<li><strong>Total Funding:<\/strong> 239.591,66\u20ac<\/li>\n<\/ul>\n<\/div>\n\t\t\t\t\t\t<\/div>\n\t\t\t\t<\/div>\n\t\t\t\t<div class=\"elementor-element elementor-element-aec454a elementor-widget elementor-widget-wp-widget-text\" data-id=\"aec454a\" data-element_type=\"widget\" data-e-type=\"widget\" data-widget_type=\"wp-widget-text.default\">\n\t\t\t\t<div class=\"elementor-widget-container\">\n\t\t\t\t\t\t\t\t<div class=\"textwidget\"><p><strong>Project keywords:<\/strong> reconfigurable computing, power-efficient computing, embedded systems, HPC (high-performance computing)<\/p>\n<\/div>\n\t\t\t\t\t\t<\/div>\n\t\t\t\t<\/div>\n\t\t\t\t\t<\/div>\n\t\t<\/div>\n\t\t\t\t\t<\/div>\n\t\t<\/section>\n\t\t\t\t<section class=\"elementor-section elementor-top-section elementor-element elementor-element-95eabf0 elementor-section-boxed elementor-section-height-default elementor-section-height-default\" data-id=\"95eabf0\" data-element_type=\"section\" data-e-type=\"section\">\n\t\t\t\t\t\t<div class=\"elementor-container elementor-column-gap-default\">\n\t\t\t\t\t<div class=\"elementor-column elementor-col-100 elementor-top-column elementor-element elementor-element-5ff95a8\" data-id=\"5ff95a8\" data-element_type=\"column\" data-e-type=\"column\">\n\t\t\t<div class=\"elementor-widget-wrap elementor-element-populated\">\n\t\t\t\t\t\t<div class=\"elementor-element elementor-element-1e46f7e elementor-widget-divider--view-line elementor-widget elementor-widget-divider\" data-id=\"1e46f7e\" data-element_type=\"widget\" data-e-type=\"widget\" data-widget_type=\"divider.default\">\n\t\t\t\t<div class=\"elementor-widget-container\">\n\t\t\t\t\t\t\t<div class=\"elementor-divider\">\n\t\t\t<span class=\"elementor-divider-separator\">\n\t\t\t\t\t\t<\/span>\n\t\t<\/div>\n\t\t\t\t\t\t<\/div>\n\t\t\t\t<\/div>\n\t\t\t\t\t<\/div>\n\t\t<\/div>\n\t\t\t\t\t<\/div>\n\t\t<\/section>\n\t\t\t\t<section class=\"elementor-section elementor-top-section elementor-element elementor-element-0ff477c elementor-section-boxed elementor-section-height-default elementor-section-height-default\" data-id=\"0ff477c\" data-element_type=\"section\" data-e-type=\"section\">\n\t\t\t\t\t\t<div class=\"elementor-container elementor-column-gap-default\">\n\t\t\t\t\t<div class=\"elementor-column elementor-col-100 elementor-top-column elementor-element elementor-element-36533d7\" data-id=\"36533d7\" data-element_type=\"column\" data-e-type=\"column\">\n\t\t\t<div class=\"elementor-widget-wrap elementor-element-populated\">\n\t\t\t\t\t\t<div class=\"elementor-element elementor-element-ca0b24f elementor-widget elementor-widget-heading\" data-id=\"ca0b24f\" data-element_type=\"widget\" data-e-type=\"widget\" data-widget_type=\"heading.default\">\n\t\t\t\t<div class=\"elementor-widget-container\">\n\t\t\t\t\t<h2 class=\"elementor-heading-title elementor-size-default\">Contacts<\/h2>\t\t\t\t<\/div>\n\t\t\t\t<\/div>\n\t\t\t\t<section class=\"elementor-section elementor-inner-section elementor-element elementor-element-4280f50 elementor-section-content-top elementor-section-boxed elementor-section-height-default elementor-section-height-default\" data-id=\"4280f50\" data-element_type=\"section\" data-e-type=\"section\">\n\t\t\t\t\t\t<div class=\"elementor-container elementor-column-gap-default\">\n\t\t\t\t\t<div class=\"elementor-column elementor-col-50 elementor-inner-column elementor-element elementor-element-07c03b3\" data-id=\"07c03b3\" data-element_type=\"column\" data-e-type=\"column\">\n\t\t\t<div class=\"elementor-widget-wrap elementor-element-populated\">\n\t\t\t\t\t\t<div class=\"elementor-element elementor-element-b993237 elementor-widget elementor-widget-wp-widget-text\" data-id=\"b993237\" data-element_type=\"widget\" data-e-type=\"widget\" data-widget_type=\"wp-widget-text.default\">\n\t\t\t\t<div class=\"elementor-widget-container\">\n\t\t\t\t\t\t\t\t<div class=\"textwidget\"><div class=\"contacthome\"><strong>Principal Investigator<\/strong><br \/>\nJo\u00e3o Canas Ferreira<a href=\"mailto:joao.c.ferreira@inesctec.pt\"><br \/>\n<i class=\"fa fa-envelope\"> joao.c.ferreira@inesctec.pt<\/i><\/a><\/div>\n<\/div>\n\t\t\t\t\t\t<\/div>\n\t\t\t\t<\/div>\n\t\t\t\t\t<\/div>\n\t\t<\/div>\n\t\t\t\t<div class=\"elementor-column elementor-col-50 elementor-inner-column elementor-element elementor-element-5450e6c\" data-id=\"5450e6c\" data-element_type=\"column\" data-e-type=\"column\">\n\t\t\t<div class=\"elementor-widget-wrap elementor-element-populated\">\n\t\t\t\t\t\t<div class=\"elementor-element elementor-element-ae72c3a elementor-widget elementor-widget-wp-widget-text\" data-id=\"ae72c3a\" data-element_type=\"widget\" data-e-type=\"widget\" data-widget_type=\"wp-widget-text.default\">\n\t\t\t\t<div class=\"elementor-widget-container\">\n\t\t\t\t\t\t\t\t<div class=\"textwidget\"><div class=\"contacthome\"><strong>Co-Principal Investigator<\/strong><br \/>\nJo\u00e3o M.P. Cardoso<a href=\"mailto:jmpc@fe.up.pt\"><br \/>\n<i class=\"fa fa-envelope\"> jmpc@fe.up.pt<\/i><\/a><\/div>\n<\/div>\n\t\t\t\t\t\t<\/div>\n\t\t\t\t<\/div>\n\t\t\t\t\t<\/div>\n\t\t<\/div>\n\t\t\t\t\t<\/div>\n\t\t<\/section>\n\t\t\t\t\t<\/div>\n\t\t<\/div>\n\t\t\t\t\t<\/div>\n\t\t<\/section>\n\t\t\t\t<\/div>\n\t\t","protected":false},"excerpt":{"rendered":"<p>What is PEPCC? Project Information Contacts<\/p>\n","protected":false},"author":4,"featured_media":0,"parent":0,"menu_order":0,"comment_status":"closed","ping_status":"closed","template":"","meta":{"footnotes":""},"class_list":["post-2","page","type-page","status-publish","hentry"],"_links":{"self":[{"href":"https:\/\/pepcc.inesctec.pt\/index.php?rest_route=\/wp\/v2\/pages\/2","targetHints":{"allow":["GET"]}}],"collection":[{"href":"https:\/\/pepcc.inesctec.pt\/index.php?rest_route=\/wp\/v2\/pages"}],"about":[{"href":"https:\/\/pepcc.inesctec.pt\/index.php?rest_route=\/wp\/v2\/types\/page"}],"author":[{"embeddable":true,"href":"https:\/\/pepcc.inesctec.pt\/index.php?rest_route=\/wp\/v2\/users\/4"}],"replies":[{"embeddable":true,"href":"https:\/\/pepcc.inesctec.pt\/index.php?rest_route=%2Fwp%2Fv2%2Fcomments&post=2"}],"version-history":[{"count":44,"href":"https:\/\/pepcc.inesctec.pt\/index.php?rest_route=\/wp\/v2\/pages\/2\/revisions"}],"predecessor-version":[{"id":548,"href":"https:\/\/pepcc.inesctec.pt\/index.php?rest_route=\/wp\/v2\/pages\/2\/revisions\/548"}],"wp:attachment":[{"href":"https:\/\/pepcc.inesctec.pt\/index.php?rest_route=%2Fwp%2Fv2%2Fmedia&parent=2"}],"curies":[{"name":"wp","href":"https:\/\/api.w.org\/{rel}","templated":true}]}}